{"id":299166,"date":"2012-03-20T20:39:15","date_gmt":"2012-03-20T19:39:15","guid":{"rendered":"http:\/\/www.kongsberg-padleklubb.net\/?page_id=299166"},"modified":"2023-05-12T16:55:39","modified_gmt":"2023-05-12T14:55:39","slug":"hms-dokumenter","status":"publish","type":"page","link":"https:\/\/www.kongsberg-padleklubb.net\/?page_id=299166","title":{"rendered":"HMS"},"content":{"rendered":"<h1>M\u00e5l for HMS<br \/>Kongsberg padleklubbs m\u00e5l for helse, milj\u00f8 og sikkerhet er \u00e5 unng\u00e5 alvorlig skade. Dette gjelder b\u00e5de p\u00e5 milj\u00f8 og padlernes fysiske og mentale helse.<\/h1>\n<h1>HMS-strategi<\/h1>\n<p>Sikkerhet er alltid f\u00f8rste prioritet.<br \/>Sikkerhet oppn\u00e5r vi gjennom god planlegging og gode risikovurderinger.<br \/>Vi forplikter oss til \u00e5:<\/p>\n<ul>\n<li>Ferdes etter evne.<\/li>\n<li>Systematisk l\u00e6re opp v\u00e5re medlemmer, vil vi arbeide for \u00e5 skape h\u00f8y grad av bevissthet vedr\u00f8rende milj\u00f8 og sikkerhet.<\/li>\n<li>Ikke skape negative virkninger og forstyrrelser p\u00e5 milj\u00f8et som f\u00f8lge av v\u00e5r aktivitet.<\/li>\n<li>F\u00f8ye oss etter lokale normer og regler for v\u00e5r ferdsel i naturen.<\/li>\n<li>Ikke fors\u00f8ple naturen i forbindelse med v\u00e5re aktiviteter.<\/li>\n<li>Aktivt s\u00f8ke informasjon om hendelser og ta l\u00e6rdom av disse i eget og fra andre padlemilj\u00f8.<\/li>\n<\/ul>\n<p><strong>Vi ivaretar noen grunnleggende plikter<\/strong><br \/>Lov om produktkontroll p\u00e5legger alle virksomheter som tilbyr forbrukertjenester i Norge \u00e5 vise aktsomhet og \u00abtreffe rimelige tiltak\u00bb for \u00e5 ivareta brukernes helse og sikkerhet.<br \/>KPK overholder lov og forskrift gjennom flere tiltak som besvarer v\u00e5r:<\/p>\n<p><strong>Opplysningsplikt:<\/strong> Vi stiller krav til at aktivitetsledere og turkoordinatorer skal gi tilstrekkelig av opplysninger om arrangementene og vi opplyser om risiki og tiltak forbundet med ulike typer turer p\u00e5 v\u00e5re HMS-ark.<\/p>\n<p><strong>Aktsomhetsplikt:<\/strong> Vi er konservative og aktsomme ved gjennomf\u00f8ring av arrangement s\u00e6rlig i tilfelle der mindre erfarne deltar. Vi har ogs\u00e5 plikt til \u00e5 avvise deltakelse p\u00e5 hele eller deler av arrangementet dersom vi anser deltakeren for mindre kompetent enn det som kreves.<\/p>\n<p><strong>Kunnskapsplikt: <\/strong>Vi driver systematiske kompetansebyggende tiltak for ledere, instrukt\u00f8rer og medlemmer, ved regul\u00e6re aktiviteter, kurs og samlinger. Vi har en kultur for sikkerhet der vi ogs\u00e5 deler p\u00e5 erfaring og kompetanse p\u00e5 en uformell m\u00e5te.<\/p>\n<p><strong>Plikt til risikoanalyse og forebyggende tiltak:<\/strong> Vi har etablert et HMS-system. Dette inneholder blant annet et sett av HMS-ark som omfatter (per 2018) de fleste av v\u00e5re typer arrangement. HMS-systemet befinner seg lett tilgjengelig p\u00e5 v\u00e5r interne webside.<\/p>\n<p>HMS-dokumenter i KPK er:<\/p>\n<ul>\n<li><a href=\"http:\/\/www.kongsberg-padleklubb.net\/wp-content\/uploads\/2017\/04\/lov-for-kongsberg-padleklubb.pdf\" target=\"_blank\" rel=\"noopener\">01 Vedtekter<\/a><\/li>\n<li><a href=\"http:\/\/www.kongsberg-padleklubb.net\/wp-content\/uploads\/2018\/04\/02-M\u00e5l-for-HMS.pdf\">02 M\u00e5l for HMS<\/a><\/li>\n<li><a href=\"http:\/\/www.kongsberg-padleklubb.net\/wp-content\/uploads\/2018\/04\/02-1-Padlevett.pdf\">02-1 Padlevett<\/a><\/li>\n<li><a href=\"http:\/\/www.kongsberg-padleklubb.net\/wp-content\/uploads\/2021\/05\/03-Organisasjon-og-definisjoner-21-05-06.pdf\">03 Organisasjon og definisjoner<\/a><\/li>\n<li><strong><a href=\"http:\/\/www.kongsberg-padleklubb.net\/wp-content\/uploads\/2023\/05\/04_HMS-vurdering-klubbtur-Elv-23-05-10.pdf\">04 HMS-vurdering klubbtur Elv<\/a><\/strong><\/li>\n<li><strong><a href=\"http:\/\/www.kongsberg-padleklubb.net\/wp-content\/uploads\/2023\/05\/05_HMS-vurdering-klubbtur-Hav-23-05-10.pdf\">05 HMS-vurdering klubbtur Hav<\/a><\/strong><\/li>\n<li><a href=\"http:\/\/www.kongsberg-padleklubb.net\/wp-content\/uploads\/2018\/04\/06_Risikobeskrivelse-Elv.pdf\"><strong>06 Risikobeskrivelse Elv<\/strong><\/a><\/li>\n<li><a href=\"http:\/\/www.kongsberg-padleklubb.net\/wp-content\/uploads\/2018\/04\/06a_Kloppfoss-risikovurdering.pdf\">06a Kloppfoss-risikovurdering<\/a><\/li>\n<li><a href=\"http:\/\/www.kongsberg-padleklubb.net\/wp-content\/uploads\/2018\/04\/06b_Grettefoss-risikovurdering.pdf\">06b_Grettefoss-risikovurdering<\/a><\/li>\n<li><a href=\"http:\/\/www.kongsberg-padleklubb.net\/wp-content\/uploads\/2018\/04\/06c_Landefoss-risikovurdering.pdf\">06c_Landefoss-risikovurdering<\/a><\/li>\n<li><a href=\"http:\/\/www.kongsberg-padleklubb.net\/wp-content\/uploads\/2018\/04\/06e_Nybrufossen-risikovurdering.pdf\">06e_Nybrufossen-risikovurdering<\/a><\/li>\n<li><a href=\"http:\/\/www.kongsberg-padleklubb.net\/wp-content\/uploads\/2018\/04\/06f_Nedre-Jondalselva-risikovurdering.pdf\">06f_Nedre Jondalselva-risikovurdering<\/a><\/li>\n<li><a href=\"http:\/\/www.kongsberg-padleklubb.net\/wp-content\/uploads\/2018\/04\/06g_Midtre-Jondalselva-risikovurdering.pdf\">06g_Midtre Jondalselva-risikovurdering<\/a><\/li>\n<li><a href=\"http:\/\/www.kongsberg-padleklubb.net\/wp-content\/uploads\/2018\/04\/06h_\u00d8vre-Jondalselva-risikovurdering.pdf\">06h_\u00d8vre Jondalselva-risikovurdering<\/a><\/li>\n<li><a href=\"http:\/\/www.kongsberg-padleklubb.net\/wp-content\/uploads\/2018\/04\/06i_Nedre-Austbygd\u00e5i-risikovurdering.pdf\">06i_Nedre Austbygd\u00e5i-risikovurdering<\/a><\/li>\n<li><a href=\"http:\/\/www.kongsberg-padleklubb.net\/wp-content\/uploads\/2018\/04\/06j_\u00d8vre-Austbygd\u00e5i-risikovurdering.pdf\">06j_\u00d8vre Austbygd\u00e5i-risikovurdering<\/a><\/li>\n<li><a href=\"http:\/\/www.kongsberg-padleklubb.net\/wp-content\/uploads\/2018\/04\/07_Risikovurdering-generell-Rafting.pdf\">07_Risikovurdering generell Rafting<\/a><\/li>\n<li><a href=\"http:\/\/www.kongsberg-padleklubb.net\/wp-content\/uploads\/2023\/05\/08_Risikovurdering-hav-Generell-23-05-10.pdf\"><strong>08_Risikovurdering hav &#8211; Generell<\/strong><\/a><\/li>\n<li><a href=\"http:\/\/www.kongsberg-padleklubb.net\/wp-content\/uploads\/2018\/04\/08a_Risikovurdering-Hellebekk-Pikerfoss.pdf\">08a_Risikovurdering Hellebekk-Pikerfoss<\/a><\/li>\n<li><a href=\"http:\/\/www.kongsberg-padleklubb.net\/wp-content\/uploads\/2018\/04\/08b_Risikovurdering-Fiskumvannet-Eikern.pdf\">08b_Risikovurdering Fiskumvannet-Eikern<\/a><\/li>\n<li><a href=\"http:\/\/www.kongsberg-padleklubb.net\/wp-content\/uploads\/2018\/04\/09_Utstyr_N\u00f8kler.pdf\"><strong>09_Utstyr_N\u00f8kler<\/strong><\/a><\/li>\n<li><a href=\"http:\/\/www.kongsberg-padleklubb.net\/wp-content\/uploads\/2019\/08\/11_Vilk\u00e5r-for-deltakelse-turer-og-kurs.pdf\">11_Vilk\u00e5r for deltakelse turer og kurs<\/a><\/li>\n<li><a href=\"http:\/\/www.kongsberg-padleklubb.net\/wp-content\/uploads\/2023\/05\/12_Rapport-om-uonsket-hendelse.docx\">12 Rapport om u\u00f8nsket hendelse<\/a><\/li>\n<li><a href=\"http:\/\/www.kongsberg-padleklubb.net\/wp-content\/uploads\/2018\/04\/XX_HMS_Utgangspunkt.docx\">XX_HMS_Utgangspunkt<\/a><\/li>\n<\/ul>\n<p><strong>Leikeboka<\/strong><\/p>\n<ul>\n<li><a href=\"http:\/\/www.kongsberg-padleklubb.net\/wp-content\/uploads\/2011\/09\/Leikebok.pdf\">Leikebok<\/a><\/li>\n<li><a href=\"http:\/\/www.kongsberg-padleklubb.net\/wp-content\/uploads\/2011\/09\/LeikebokInstrukt\u00f8r.pdf\">Instrukt\u00f8rveiledning til Leikebok<\/a><\/li>\n<\/ul>\n<p><!--\n<strong>Rapportskjema fra aktivitet<\/strong>\n<a href=\"http:\/\/www.kongsberg-padleklubb.net\/?page_id=1601084\">Rapportskjema fra aktivitet<\/a>\n--><\/p>\n\n\n<p><\/p>\n","protected":false},"excerpt":{"rendered":"<p>M\u00e5l for HMSKongsberg padleklubbs m\u00e5l for helse, milj\u00f8 og sikkerhet er \u00e5 unng\u00e5 alvorlig skade. Dette gjelder b\u00e5de p\u00e5 milj\u00f8 og padlernes fysiske og mentale helse. HMS-strategi Sikkerhet er alltid f\u00f8rste prioritet.Sikkerhet oppn\u00e5r vi gjennom god planlegging og gode risikovurderinger.Vi forplikter oss til \u00e5: Ferdes etter evne. Systematisk l\u00e6re opp&#8230; <a class=\"continue-reading-link\" href=\"https:\/\/www.kongsberg-padleklubb.net\/?page_id=299166\">Les Mer<\/a><\/p>\n","protected":false},"author":1,"featured_media":0,"parent":0,"menu_order":0,"comment_status":"open","ping_status":"open","template":"","meta":{"footnotes":""},"class_list":["post-299166","page","type-page","status-publish","hentry"],"_links":{"self":[{"href":"https:\/\/www.kongsberg-padleklubb.net\/index.php?rest_route=\/wp\/v2\/pages\/299166","targetHints":{"allow":["GET"]}}],"collection":[{"href":"https:\/\/www.kongsberg-padleklubb.net\/index.php?rest_route=\/wp\/v2\/pages"}],"about":[{"href":"https:\/\/www.kongsberg-padleklubb.net\/index.php?rest_route=\/wp\/v2\/types\/page"}],"author":[{"embeddable":true,"href":"https:\/\/www.kongsberg-padleklubb.net\/index.php?rest_route=\/wp\/v2\/users\/1"}],"replies":[{"embeddable":true,"href":"https:\/\/www.kongsberg-padleklubb.net\/index.php?rest_route=%2Fwp%2Fv2%2Fcomments&post=299166"}],"version-history":[{"count":26,"href":"https:\/\/www.kongsberg-padleklubb.net\/index.php?rest_route=\/wp\/v2\/pages\/299166\/revisions"}],"predecessor-version":[{"id":1602957,"href":"https:\/\/www.kongsberg-padleklubb.net\/index.php?rest_route=\/wp\/v2\/pages\/299166\/revisions\/1602957"}],"wp:attachment":[{"href":"https:\/\/www.kongsberg-padleklubb.net\/index.php?rest_route=%2Fwp%2Fv2%2Fmedia&parent=299166"}],"curies":[{"name":"wp","href":"https:\/\/api.w.org\/{rel}","templated":true}]}}