{"id":28,"date":"2011-09-20T20:09:25","date_gmt":"2011-09-20T20:09:25","guid":{"rendered":"http:\/\/www.kongsberg-padleklubb.net\/wordpress\/?page_id=28"},"modified":"2026-04-04T08:59:12","modified_gmt":"2026-04-04T06:59:12","slug":"flattvann","status":"publish","type":"page","link":"https:\/\/www.kongsberg-padleklubb.net\/?page_id=28","title":{"rendered":"HAV og TURPADLING"},"content":{"rendered":"<p>Vi arrangerer fellespadling hver torsdag kl 18 fra b\u00e5thuset ved Hellebekk. B\u00e5thuset ligger i Dyrmyrgata. Ned en grusvei til venstre etter Semcon Devotek p\u00e5 vei oppover mot Bevergrenda. <a href=\"http:\/\/kart.gulesider.no\/m\/yTule\">Kart<\/a><\/p>\n<p>Det kan ogs\u00e5 bli mulighet for andre turer i l\u00f8pet av \u00e5ret. Invitasjon til turer\u00a0legges p\u00e5 ut p\u00e5 Kongsberg Padleklubb sin Facebook gruppe: <a href=\"https:\/\/www.facebook.com\/groups\/791210664345894\/\">https:\/\/www.facebook.com\/groups\/791210664345894\/<\/a> Invitasjoner til klubbturer legges ogs\u00e5 ut her p\u00e5 hjemmesidene. Kom gjerne med sp\u00f8rsm\u00e5l om turf\u00f8lge eller forslag til turer.<\/p>\n<p>For oppdatert informasjon, f\u00f8lg med p\u00e5 facebookgruppen: <a href=\"https:\/\/www.facebook.com\/groups\/791210664345894\/\">https:\/\/www.facebook.com\/groups\/791210664345894\/<\/a><\/p>\n<p><strong>Trenger du l\u00e5ne eller leie kajakk? Se <a href=\"http:\/\/www.kongsberg-padleklubb.net\/?page_id=1603067\">Kajakkleie i Kongsberg padleklubb<\/a><\/strong><\/p>\n<p>Ta kontakt med Materialforvalter hav for n\u00e6rmere informasjon.<\/p>\n<p><strong>Torsdagstreninger h\u00f8st 2025 finner du her:\u00a0<\/strong><\/p>\n\n\n<p><strong>Kontaktperson\/Torsdagsverter<\/strong> har som oppgave \u00e5 m\u00f8te tidlig, l\u00e5se opp, passe p\u00e5 at alle f\u00e5r utstyr og l\u00e5se etterp\u00e5. Torsdagsverten skal ogs\u00e5 v\u00e6re den som prim\u00e6rt tar seg av de aller ferskeste, de som nettop har v\u00e6rt p\u00e5 kurs, eller de som dukker opp med store, runde \u00f8yne og lurer p\u00e5 om de kan f\u00e5 v\u00e6re med. Torsdagene g\u00e5r p\u00e5 trygge arenaer, og alle de som er satt opp vurdere som skikket til \u00e5 lede tur p\u00e5 flatt vann og kjent sted med kort vei til land. <br>(OBS: OM noen bikker, ikke slep dem til land som en nyharpunert hvalross. Ro ned situasjonen, gjennomf\u00f8r redning og ivareta verdigheten, b\u00e5de din og den v\u00e5tes. Og slep om det likevel er n\u00f8dvendig.) Torsdagsverten fyller ogs\u00e5 ut skjemaet   <strong>Oppsummering etter tur\/trening <\/strong>URL er: <a href=\"https:\/\/forms.gle\/iEk5kns7CVDKXfFa6\">https:\/\/forms.gle\/iEk5kns7CVDKXfFa6<\/a> <\/p>\n\n\n\n<p><\/p>\n\n\n\n<figure class=\"wp-block-table\"><table><tbody><tr><td><strong>Dato<\/strong><\/td><td><strong>Hva\/hvor<\/strong><\/td><td><strong>Dagens kontaktperson<\/strong><\/td><\/tr><tr><td>Torsdag 09.04.26<\/td><td>Hellebekk-Pikerfoss kl 18.00<\/td><td>Ragnhild Teigen tel: 99693689<\/td><\/tr><tr><td>Torsdag 16.04.26<\/td><td>Hellebekk-Pikerfoss kl 18.00<\/td><td>Anita Lyster Karlsen tel 91161455<\/td><\/tr><tr><td>Torsdag 23.04.26<\/td><td>Hellebekk-Pikerfoss kl 18.00<\/td><td>Sissel J. Resser tel: 90064261<\/td><\/tr><tr><td>Torsdag 30.04.26<\/td><td>Hellebekk-Pikerfoss kl 18.00<\/td><td>Berit Knutsen tel: 90641054<\/td><\/tr><tr><td>Torsdag 07.05.26<\/td><td>Hellebekk-Pikerfoss kl 18.00<\/td><td>Odd J. Resser tel: 48166228<\/td><\/tr><tr><td>Torsdag 21.05.26<\/td><td>Hellebekk-Pikerfoss kl 18.00<\/td><td>Rannveig Tegdal Halvorsen tel: 92027560<\/td><\/tr><tr><td>Torsdag 28.05.26<\/td><td>Hellebekk-Pikerfoss kl 18.00<\/td><td>Tove Brokke tel: 91394005<\/td><\/tr><tr><td>Torsdag 04.06.26<\/td><td>Hellebekk-Pikerfoss kl 18.00<\/td><td>Sissel J. Resser tel: 90064261<\/td><\/tr><tr><td>Torsdag 11.06.24<\/td><td>Hellebekk-Pikerfoss kl 18.00<\/td><td>Sandra Lein: 47236505<\/td><\/tr><tr><td>Torsdag 18.06.24<\/td><td>Hellebekk-Pikerfoss kl 18.00<\/td><td>Therese Aasheim tel: 99337943<\/td><\/tr><tr><td>Torsdag 25.06.24<\/td><td>Hellebekk-Pikerfoss kl 18.00<\/td><td>Ragnhild Teigen tel: 99693689<\/td><\/tr><\/tbody><\/table><\/figure>\n\n\n\n<p><\/p>\n","protected":false},"excerpt":{"rendered":"<p>Vi arrangerer fellespadling hver torsdag kl 18 fra b\u00e5thuset ved Hellebekk. B\u00e5thuset ligger i Dyrmyrgata. Ned en grusvei til venstre etter Semcon Devotek p\u00e5 vei oppover mot Bevergrenda. Kart Det kan ogs\u00e5 bli mulighet for andre turer i l\u00f8pet av \u00e5ret. Invitasjon til turer\u00a0legges p\u00e5 ut p\u00e5 Kongsberg Padleklubb sin&#8230; <a class=\"continue-reading-link\" href=\"https:\/\/www.kongsberg-padleklubb.net\/?page_id=28\">Les Mer<\/a><\/p>\n","protected":false},"author":1,"featured_media":0,"parent":0,"menu_order":0,"comment_status":"closed","ping_status":"closed","template":"","meta":{"footnotes":""},"class_list":["post-28","page","type-page","status-publish","hentry"],"_links":{"self":[{"href":"https:\/\/www.kongsberg-padleklubb.net\/index.php?rest_route=\/wp\/v2\/pages\/28","targetHints":{"allow":["GET"]}}],"collection":[{"href":"https:\/\/www.kongsberg-padleklubb.net\/index.php?rest_route=\/wp\/v2\/pages"}],"about":[{"href":"https:\/\/www.kongsberg-padleklubb.net\/index.php?rest_route=\/wp\/v2\/types\/page"}],"author":[{"embeddable":true,"href":"https:\/\/www.kongsberg-padleklubb.net\/index.php?rest_route=\/wp\/v2\/users\/1"}],"replies":[{"embeddable":true,"href":"https:\/\/www.kongsberg-padleklubb.net\/index.php?rest_route=%2Fwp%2Fv2%2Fcomments&post=28"}],"version-history":[{"count":73,"href":"https:\/\/www.kongsberg-padleklubb.net\/index.php?rest_route=\/wp\/v2\/pages\/28\/revisions"}],"predecessor-version":[{"id":1603575,"href":"https:\/\/www.kongsberg-padleklubb.net\/index.php?rest_route=\/wp\/v2\/pages\/28\/revisions\/1603575"}],"wp:attachment":[{"href":"https:\/\/www.kongsberg-padleklubb.net\/index.php?rest_route=%2Fwp%2Fv2%2Fmedia&parent=28"}],"curies":[{"name":"wp","href":"https:\/\/api.w.org\/{rel}","templated":true}]}}