{"id":2,"date":"2011-09-14T19:09:42","date_gmt":"2011-09-14T19:09:42","guid":{"rendered":"http:\/\/www.kongsberg-padleklubb.net\/wordpress\/?page_id=2"},"modified":"2025-05-21T11:55:40","modified_gmt":"2025-05-21T09:55:40","slug":"testside","status":"publish","type":"page","link":"https:\/\/www.kongsberg-padleklubb.net\/?page_id=2","title":{"rendered":"MEDLEMSKAP"},"content":{"rendered":"\n<p><strong>INNMELDING<\/strong><br>Kongsberg Padleklubb bruker Norges Idrettsforbund sin medlemskapsl\u00f8sning for fakturering og medlemslister.<br>For \u00e5 melde deg inn m\u00e5 du logge inn p\u00e5 Min Idrett: <a href=\"https:\/\/minidrett.nif.no\/\">https:\/\/minidrett.nif.no\/<\/a> Om du er medlem i et annet idrettslag er det er samme innlogging.<\/p>\n\n\n\n<h2 class=\"wp-block-heading\">Kort oppskrift for innmelding i Kongsberg Padleklubb<\/h2>\n\n\n\n<ul class=\"wp-block-list\">\n<li>Logg inn p\u00e5 https:\/\/minidrett.nif.no\/<\/li>\n\n\n\n<li>Om n\u00f8dvendig opprett ny bruker<\/li>\n\n\n\n<li>Velg Medlemskap<\/li>\n\n\n\n<li>Velg Finn ny klubb<\/li>\n\n\n\n<li>S\u00f8k opp: Kongsberg Padleklubb<\/li>\n\n\n\n<li>Velg Kongsberg Padleklubb fra listen<\/li>\n\n\n\n<li>Hak av de grenene du vil v\u00e6re aktiv i.<\/li>\n\n\n\n<li>Trykk Send S\u00f8knad<\/li>\n\n\n\n<li>Medlemskapss\u00f8knaden vil n\u00e5 bli behandlet av kasserer.<\/li>\n\n\n\n<li>Faktura vil bli tilsendt p\u00e5 e-post.<\/li>\n<\/ul>\n\n\n\n<p>For ekstra forklaring se informasjonsvideoen fra NIF:<a href=\"https:\/\/www.youtube.com\/watch?v=e_u2tHtdYAA\"> https:\/\/www.youtube.com\/watch?v=e_u2tHtdYAA<\/a><\/p>\n\n\n\n<p><strong>\u00c5RSKONTINGENT MEDLEMSKAP for 202<\/strong>5:<\/p>\n\n\n\n<p>\u00c5rskontingenten faktureres gjennom Min Idrett og du vil f\u00e5 en egen e-post om det.<br>Kontingenten kan ogs\u00e5 betales inn p\u00e5 Vipps, med <strong>Vippsnummer:&nbsp;523662 <\/strong>Betaler du p\u00e5 Vipps, s\u00e5 m\u00e5 du merke betalingen &laquo;kontingent&raquo; + navn p\u00e5 den\/de betalingen gjelder.<\/p>\n\n\n\n<p>Hovedmedlem\u00a0 kr. 695,-<br>Familiemedlemskap\u00a0 kr. 810,-<br>Ungdomsmedlem \u00a0 kr. 340,-*<\/p>\n\n\n\n<p>*Ungdomsmedlem er enkeltmedlemmer under 18 \u00e5r n\u00e5r han\/hun ikke er medlem i et familiemedlemskap.<\/p>\n\n\n\n<p><strong>UTLEIE\/MEDLEMSFORDELER 2025:<br><\/strong>Alle medlemmer har mulighet til \u00e5 disponere utstyret i klubben for et lite vederlag.<\/p>\n\n\n\n<p>Utleiepriser, kr pr d\u00f8gn<\/p>\n\n\n\n<ul class=\"wp-block-list\">\n<li>V\u00e5tdrakt &nbsp;&nbsp;&nbsp;&nbsp;&nbsp;&nbsp;&nbsp;&nbsp;  &nbsp;&nbsp;&nbsp;&nbsp;&nbsp;150<\/li>\n\n\n\n<li>T\u00f8rrdrakt &nbsp;&nbsp;&nbsp;&nbsp;&nbsp;&nbsp;  &nbsp;&nbsp;&nbsp;&nbsp;&nbsp;&nbsp;250<\/li>\n\n\n\n<li>Kajakkpakke&nbsp;&nbsp;&nbsp;&nbsp;&nbsp;  &nbsp;&nbsp;&nbsp;200<\/li>\n\n\n\n<li>Henger&nbsp;&nbsp;&nbsp;&nbsp;&nbsp;&nbsp;&nbsp;&nbsp;&nbsp;&nbsp;&nbsp;&nbsp;&nbsp;&nbsp;&nbsp;&nbsp;  500<\/li>\n\n\n\n<li>\u00c5rsabonnement&nbsp; 2000<\/li>\n\n\n\n<li>Utleie dag: 24 timer, 0800 &#8211; 0800<\/li>\n<\/ul>\n\n\n\n<p>Bruk av klubbutstyr p\u00e5 tirsdags- og torsdagstreninger og kurs er gratis.<\/p>\n\n\n\n<p>Alle medlemmer i klubben f\u00e5r 4 dager leie av kajakk gratis som en del av medlemskapet (rabattkupong pr medlem, kr 800)<\/p>\n\n\n\n<p>Verv i klubben (styremedlem, materialansvarlig, trener) f\u00e5r gratis leie.<\/p>\n","protected":false},"excerpt":{"rendered":"<p>INNMELDINGKongsberg Padleklubb bruker Norges Idrettsforbund sin medlemskapsl\u00f8sning for fakturering og medlemslister.For \u00e5 melde deg inn m\u00e5 du logge inn p\u00e5 Min Idrett: https:\/\/minidrett.nif.no\/ Om du er medlem i et annet idrettslag er det er samme innlogging. Kort oppskrift for innmelding i Kongsberg Padleklubb For ekstra forklaring se informasjonsvideoen fra NIF:&#8230; <a class=\"continue-reading-link\" href=\"https:\/\/www.kongsberg-padleklubb.net\/?page_id=2\">Les Mer<\/a><\/p>\n","protected":false},"author":1,"featured_media":0,"parent":0,"menu_order":0,"comment_status":"closed","ping_status":"closed","template":"","meta":{"footnotes":""},"class_list":["post-2","page","type-page","status-publish","hentry"],"_links":{"self":[{"href":"https:\/\/www.kongsberg-padleklubb.net\/index.php?rest_route=\/wp\/v2\/pages\/2","targetHints":{"allow":["GET"]}}],"collection":[{"href":"https:\/\/www.kongsberg-padleklubb.net\/index.php?rest_route=\/wp\/v2\/pages"}],"about":[{"href":"https:\/\/www.kongsberg-padleklubb.net\/index.php?rest_route=\/wp\/v2\/types\/page"}],"author":[{"embeddable":true,"href":"https:\/\/www.kongsberg-padleklubb.net\/index.php?rest_route=\/wp\/v2\/users\/1"}],"replies":[{"embeddable":true,"href":"https:\/\/www.kongsberg-padleklubb.net\/index.php?rest_route=%2Fwp%2Fv2%2Fcomments&post=2"}],"version-history":[{"count":39,"href":"https:\/\/www.kongsberg-padleklubb.net\/index.php?rest_route=\/wp\/v2\/pages\/2\/revisions"}],"predecessor-version":[{"id":1603444,"href":"https:\/\/www.kongsberg-padleklubb.net\/index.php?rest_route=\/wp\/v2\/pages\/2\/revisions\/1603444"}],"wp:attachment":[{"href":"https:\/\/www.kongsberg-padleklubb.net\/index.php?rest_route=%2Fwp%2Fv2%2Fmedia&parent=2"}],"curies":[{"name":"wp","href":"https:\/\/api.w.org\/{rel}","templated":true}]}}