{"id":1603031,"date":"2023-11-14T23:41:06","date_gmt":"2023-11-14T22:41:06","guid":{"rendered":"http:\/\/www.kongsberg-padleklubb.net\/?page_id=1603031"},"modified":"2023-11-15T00:02:07","modified_gmt":"2023-11-14T23:02:07","slug":"sjekkliste-kpk-innetrening-i-kongsberg-svommehall","status":"publish","type":"page","link":"https:\/\/www.kongsberg-padleklubb.net\/?page_id=1603031","title":{"rendered":"Sjekkliste KPK innetrening i Kongsberg Sv\u00f8mmehall"},"content":{"rendered":"\n<p>Ansvarlig person i sv\u00f8mmehall sitt prim\u00e6re oppdrag, er \u00e5 ta vare p\u00e5 nye padlere. Hen m\u00e5 ha gjennomf\u00f8rt sikkerhetskurs og v\u00e6re over 18 \u00e5r. Trener kan v\u00e6re under 18, men m\u00e5 da ha med seg en ansvarlig over 18 \u00e5r. <\/p>\n\n\n\n<p><strong>F\u00f8r Aktiviteten:<\/strong><\/p>\n\n\n\n<ol class=\"wp-block-list\" type=\"1\"><li>Sjekk at treningen er lagt ut p\u00e5 Facebook minimum tre dager i forkant. Helst med en Event.<\/li><li>Ta kontakt med nye padlere og informer om oppm\u00f8te og hva de trenger \u00e5 ha med.<\/li><\/ol>\n\n\n\n<p><strong>Ved Starten av \u00d8kten:<\/strong><\/p>\n\n\n\n<ol class=\"wp-block-list\" type=\"1\"><li>\u00d8nsk nye padlere velkommen og introduser dem for fasilitetene.<\/li><li>Hold en kort sikkerhetsbriefing. S\u00f8rg for at utrygge barn spessielt f\u00f8lges opp og at &laquo;Wet Escape&raquo; er testet f\u00f8r bruk av spruttrekk.<\/li><li>Pass p\u00e5 at alle padlere er sv\u00f8mmedyktige, trygge i vann og forst\u00e5r bassengreglene.<\/li><li>Assister mindre erfarne padlere med \u00e5 finne og tilpasse kajakker.<\/li><\/ol>\n\n\n\n<p><strong>Under Aktiviteten:<\/strong><\/p>\n\n\n\n<ol class=\"wp-block-list\" type=\"1\"><li>Overv\u00e5k bassenget og padlernes sikkerhet.<\/li><li>Tilby assistanse og veiledning til de som trenger det.<\/li><li>Kom med forslag til aktiviteter og \u00f8velser for \u00e5 forbedre teknikk.<\/li><\/ol>\n\n\n\n<p><strong>Ved Avslutning av \u00d8kten:<\/strong><\/p>\n\n\n\n<ol class=\"wp-block-list\" type=\"1\"><li>P\u00e5se at alle padlere kommer seg trygt ut av vannet p\u00e5 tiden.<\/li><li>Sjekk at utstyret blir returnert og ryddet p\u00e5 rett plass i utstyrsboden.<\/li><li>Gj\u00f8r en rask gjennomgang for \u00e5 sikre at ingen utstyr mangler eller er skadet.<\/li><\/ol>\n\n\n\n<p><strong>Etter Aktiviteten:<\/strong><\/p>\n\n\n\n<ol class=\"wp-block-list\" type=\"1\"><li>Eventuelle hendelser eller skader rapporteres i Klubbens HMS system (p\u00e5 web).<\/li><\/ol>\n","protected":false},"excerpt":{"rendered":"<p>Ansvarlig person i sv\u00f8mmehall sitt prim\u00e6re oppdrag, er \u00e5 ta vare p\u00e5 nye padlere. Hen m\u00e5 ha gjennomf\u00f8rt sikkerhetskurs og v\u00e6re over 18 \u00e5r. Trener kan v\u00e6re under 18, men m\u00e5 da ha med seg en ansvarlig over 18 \u00e5r. F\u00f8r Aktiviteten: Sjekk at treningen er lagt ut p\u00e5 Facebook&#8230; <a class=\"continue-reading-link\" href=\"https:\/\/www.kongsberg-padleklubb.net\/?page_id=1603031\">Les Mer<\/a><\/p>\n","protected":false},"author":26,"featured_media":0,"parent":0,"menu_order":0,"comment_status":"closed","ping_status":"closed","template":"","meta":{"footnotes":""},"class_list":["post-1603031","page","type-page","status-publish","hentry"],"_links":{"self":[{"href":"https:\/\/www.kongsberg-padleklubb.net\/index.php?rest_route=\/wp\/v2\/pages\/1603031","targetHints":{"allow":["GET"]}}],"collection":[{"href":"https:\/\/www.kongsberg-padleklubb.net\/index.php?rest_route=\/wp\/v2\/pages"}],"about":[{"href":"https:\/\/www.kongsberg-padleklubb.net\/index.php?rest_route=\/wp\/v2\/types\/page"}],"author":[{"embeddable":true,"href":"https:\/\/www.kongsberg-padleklubb.net\/index.php?rest_route=\/wp\/v2\/users\/26"}],"replies":[{"embeddable":true,"href":"https:\/\/www.kongsberg-padleklubb.net\/index.php?rest_route=%2Fwp%2Fv2%2Fcomments&post=1603031"}],"version-history":[{"count":2,"href":"https:\/\/www.kongsberg-padleklubb.net\/index.php?rest_route=\/wp\/v2\/pages\/1603031\/revisions"}],"predecessor-version":[{"id":1603044,"href":"https:\/\/www.kongsberg-padleklubb.net\/index.php?rest_route=\/wp\/v2\/pages\/1603031\/revisions\/1603044"}],"wp:attachment":[{"href":"https:\/\/www.kongsberg-padleklubb.net\/index.php?rest_route=%2Fwp%2Fv2%2Fmedia&parent=1603031"}],"curies":[{"name":"wp","href":"https:\/\/api.w.org\/{rel}","templated":true}]}}