{"id":137,"date":"2011-10-05T20:22:50","date_gmt":"2011-10-05T20:22:50","guid":{"rendered":"http:\/\/www.kongsberg-padleklubb.net\/?page_id=137"},"modified":"2025-12-20T21:06:24","modified_gmt":"2025-12-20T20:06:24","slug":"calendar","status":"publish","type":"page","link":"https:\/\/www.kongsberg-padleklubb.net\/?page_id=137","title":{"rendered":"HVA SKJER"},"content":{"rendered":"\n<p><span class=\"x_x_gmail_msg\" lang=\"NO-BOK\"><strong>Ordin\u00e6re fellestreninger i sv\u00f8mmehall:<\/strong><br>Tirsdager fra 20:00 til 21:30 og s\u00f8ndag fra 1000 til 1200 i <a href=\"https:\/\/www.kongsberg.no\/aktivitet\/svommehallen\/\" data-type=\"URL\" data-id=\"https:\/\/www.kongsberg.no\/aktivitet\/svommehallen\/\">Kongsberg sv\u00f8mmehall<\/a>. B\u00e5de for <a href=\"http:\/\/www.kongsberg-padleklubb.net\/?page_id=19\">Elvepadling<\/a> og  <a href=\"http:\/\/www.kongsberg-padleklubb.net\/?page_id=28\">Hav\/Flattvann<\/a><\/span>. (NB! Kun vinterstid)<br><\/p>\n\n\n\n<!--\n<p><strong>Kalender<\/strong><br><iframe loading=\"lazy\" id=\"Kalender\" style=\"border-width: 0px;\" src=\"https:\/\/calendar.google.com\/calendar\/embed?showTitle=0&amp;showPrint=0&amp;showCalendars=0&amp;showTz=0&amp;height=400&amp;wkst=2&amp;bgcolor=%23FFFFFF&amp;src=5ajga1tfn40igkd60dlefsrac8%40group.calendar.google.com&amp;color=%2323164E&amp;ctz=Europe%2FOslo\" scrolling=\"no\" width=\"600\" height=\"400\" frameborder=\"0\"><\/iframe><\/p>\n-->\n<iframe loading=\"lazy\" src=\"https:\/\/calendar.google.com\/calendar\/embed?height=600&#038;wkst=2&#038;ctz=Europe%2FOslo&#038;showPrint=0&#038;src=NWFqZ2ExdGZuNDBpZ2tkNjBkbGVmc3JhYzhAZ3JvdXAuY2FsZW5kYXIuZ29vZ2xlLmNvbQ&#038;color=%239e69af\" style=\"border:solid 1px #777\" width=\"800\" height=\"600\" frameborder=\"0\" scrolling=\"no\"><\/iframe>\n\n\n\n<p><strong>Man kan abonnere p\u00e5 kalenderen<\/strong> p\u00e5 IPhone\/Android-enheter ved \u00e5 legge inn ICS-<span style=\"color: #000000;\">lenken <\/span>under som abonnement.<br><strong>Lenke:<\/strong> <span style=\"color: #ff6600;\">https:\/\/calendar.google.com\/calendar\/ical\/5ajga1tfn40igkd60dlefsrac8%40group.calendar.google.com\/private-c30b63006952e1a4026aff033a563275\/basic.ics<br><\/span><strong>IPhone<\/strong>: G\u00e5 inn p\u00e5 innstillinger, kontoer og &laquo;Legg til Konto&raquo;. Velg deretter &laquo;Annet&raquo; og &laquo;Legg til Abonnementskalender&raquo;. Lim deretter inn linken over. Se feks detaljert beskrivelse her: <a href=\"https:\/\/www.imore.com\/how-subscribe-calendars-your-iphone-or-ipad\">https:\/\/www.imore.com\/how-subscribe-calendars-your-iphone-or-ipad<\/a><br><strong>Android<\/strong>:&nbsp; G\u00e5 inn i kalender appen og velg &laquo;Legg til ny kalender&raquo; og &laquo;Legg til fra URL&raquo;.&nbsp; Lim deretter inn linken over.<\/p>\n","protected":false},"excerpt":{"rendered":"<p>Ordin\u00e6re fellestreninger i sv\u00f8mmehall:Tirsdager fra 20:00 til 21:30 og s\u00f8ndag fra 1000 til 1200 i Kongsberg sv\u00f8mmehall. B\u00e5de for Elvepadling og Hav\/Flattvann. (NB! Kun vinterstid) Man kan abonnere p\u00e5 kalenderen p\u00e5 IPhone\/Android-enheter ved \u00e5 legge inn ICS-lenken under som abonnement.Lenke: https:\/\/calendar.google.com\/calendar\/ical\/5ajga1tfn40igkd60dlefsrac8%40group.calendar.google.com\/private-c30b63006952e1a4026aff033a563275\/basic.icsIPhone: G\u00e5 inn p\u00e5 innstillinger, kontoer og &laquo;Legg til Konto&raquo;&#8230;. <a class=\"continue-reading-link\" href=\"https:\/\/www.kongsberg-padleklubb.net\/?page_id=137\">Les Mer<\/a><\/p>\n","protected":false},"author":1,"featured_media":0,"parent":0,"menu_order":0,"comment_status":"closed","ping_status":"open","template":"","meta":{"footnotes":""},"class_list":["post-137","page","type-page","status-publish","hentry"],"_links":{"self":[{"href":"https:\/\/www.kongsberg-padleklubb.net\/index.php?rest_route=\/wp\/v2\/pages\/137","targetHints":{"allow":["GET"]}}],"collection":[{"href":"https:\/\/www.kongsberg-padleklubb.net\/index.php?rest_route=\/wp\/v2\/pages"}],"about":[{"href":"https:\/\/www.kongsberg-padleklubb.net\/index.php?rest_route=\/wp\/v2\/types\/page"}],"author":[{"embeddable":true,"href":"https:\/\/www.kongsberg-padleklubb.net\/index.php?rest_route=\/wp\/v2\/users\/1"}],"replies":[{"embeddable":true,"href":"https:\/\/www.kongsberg-padleklubb.net\/index.php?rest_route=%2Fwp%2Fv2%2Fcomments&post=137"}],"version-history":[{"count":65,"href":"https:\/\/www.kongsberg-padleklubb.net\/index.php?rest_route=\/wp\/v2\/pages\/137\/revisions"}],"predecessor-version":[{"id":1603522,"href":"https:\/\/www.kongsberg-padleklubb.net\/index.php?rest_route=\/wp\/v2\/pages\/137\/revisions\/1603522"}],"wp:attachment":[{"href":"https:\/\/www.kongsberg-padleklubb.net\/index.php?rest_route=%2Fwp%2Fv2%2Fmedia&parent=137"}],"curies":[{"name":"wp","href":"https:\/\/api.w.org\/{rel}","templated":true}]}}