{"id":1603067,"date":"2024-01-15T20:14:31","date_gmt":"2024-01-15T19:14:31","guid":{"rendered":"http:\/\/www.kongsberg-padleklubb.net\/?page_id=1603067"},"modified":"2025-03-11T18:32:24","modified_gmt":"2025-03-11T17:32:24","slug":"kajakkleie","status":"publish","type":"page","link":"http:\/\/www.kongsberg-padleklubb.net\/?page_id=1603067","title":{"rendered":"Kajakkleie i Kongsberg padleklubb"},"content":{"rendered":"\n<p>Kongsberg padleklubb har havkajakker til l\u00e5n og utleie for klubbens medlemmer. Utleiekajakkene er spesielt ment for nye medlemmer som enn\u00e5 ikke har eget utstyr, og de brukes ogs\u00e5 p\u00e5 kursene v\u00e5re. Kajakkene ligger i flatvannsbua p\u00e5 Hellebekk.<\/p>\n\n\n\n<p><strong>Daglig bruk p\u00e5 L\u00e5gen, og p\u00e5 torsdagstreninger:<\/strong><strong><\/strong><\/p>\n\n\n\n<ul class=\"wp-block-list\">\n<li>Logg deg inn p\u00e5 butikk.kongsberg-padleklubb.net<\/li>\n\n\n\n<li>Book den kajakken du skal bruke. Da sjekker du ogs\u00e5 at den er ledig.<\/li>\n\n\n\n<li>Ved utsjekk, legg inn rabattkode <strong>L\u00e5gen<\/strong>. Da blir l\u00e5net kostnadsfritt.<\/li>\n\n\n\n<li>Oppdager du feil p\u00e5 en kajakk, meld p\u00e5&nbsp;<a href=\"https:\/\/forms.gle\/AJFhBjjkn8JLEiVA8%20forms.gle\"><strong>meldingsskjemaet<\/strong><\/a>&nbsp;v\u00e5rt.<\/li>\n<\/ul>\n\n\n\n<p><strong>Utleie<\/strong><strong><\/strong><\/p>\n\n\n\n<ul class=\"wp-block-list\">\n<li>Kajakker leies ut for hele dager. Leieprisen er 200 kr pr. dag. Vi har ogs\u00e5 v\u00e5t- og t\u00f8rrdrakter til utleie.<\/li>\n\n\n\n<li>Prisen inkluderer kajakk, \u00e5re, spruttrekk og padlevest.<\/li>\n\n\n\n<li>Kajakken skal bare brukes av leietakeren<\/li>\n<\/ul>\n\n\n\n<p><strong>Krav for \u00e5 leie kajakk fra Kongsberg padleklubb:<\/strong><\/p>\n\n\n\n<ul class=\"wp-block-list\">\n<li>Du m\u00e5 v\u00e6re&nbsp;<a href=\"http:\/\/www.kongsberg-padleklubb.net\/?page_id=2\"><strong>medlem&nbsp;<\/strong><\/a>i klubben<\/li>\n\n\n\n<li>Du m\u00e5 ha gjennomf\u00f8rt Grunnkurs Havpadling.<\/li>\n\n\n\n<li>Etter bruk m\u00e5 kajakken rengj\u00f8res. V\u00e6r spesielt n\u00f8ye med skylling av senkekj\u00f8l og rengj\u00f8ring av cockpit og lasterom.<\/li>\n\n\n\n<li>Dersom du skulle oppdage feil p\u00e5 en kajakk, skal du melde p\u00e5&nbsp;<a href=\"https:\/\/forms.gle\/AJFhBjjkn8JLEiVA8%20forms.gle\"><strong>meldingsskjemaet<\/strong><\/a>&nbsp;v\u00e5rt.<ul><li>Sjekk kajakken n\u00e5r du tar den ut.<\/li><\/ul><ul><li>Meld feil umiddelbart<\/li><\/ul><ul><li>Slitasje dekkes av klubben<\/li><\/ul>\n<ul class=\"wp-block-list\">\n<li>Vanskj\u00f8tsel kan medf\u00f8re egenandel, begrenset oppad til kr 10 000<\/li>\n<\/ul>\n<\/li>\n\n\n\n<li>Rabatter er pr bruker. Bestiller du for flere (familie) m\u00e5 du ha en bruker pr familiemedlem for \u00e5 f\u00e5 de aktuelle rabattene.<\/li>\n\n\n\n<li>Dersom du har problemer med \u00e5 bestille kan du sende email til<strong>&nbsp;<\/strong><a href=\"mailto:kajakkleie@kongsberg-padleklubb.net\"><strong>kajakkleie@kongsberg-padleklubb.net<\/strong><\/a><\/li>\n<\/ul>\n\n\n\n<p><a href=\"http:\/\/butikk.kongsberg-padleklubb.net\/\"><strong>Klikk her for \u00e5 g\u00e5 til utleiesystemet<\/strong><\/a><\/p>\n\n\n\n<p><strong>UTLEIE\/MEDLEMSFORDELER 2024:<br><\/strong>Alle medlemmer har mulighet til \u00e5 disponere utstyret i klubben for et lite vederlag.<br>Alle medlemmer har en rabattkode p\u00e5 kr 800 for gratis leie, dette tilsvarer fire dagers gratis leie. Rabattkoden er: fri-2025<\/p>\n\n\n\n<p>Utleiepriser, kr pr d\u00f8gn<\/p>\n\n\n\n<ul class=\"wp-block-list\">\n<li>V\u00e5tdrakt &nbsp;&nbsp;&nbsp;&nbsp;&nbsp;&nbsp;&nbsp;&nbsp;&nbsp;&nbsp;&nbsp;&nbsp;&nbsp;&nbsp; 150<\/li>\n\n\n\n<li>T\u00f8rrdrakt &nbsp;&nbsp;&nbsp;&nbsp;&nbsp;&nbsp;&nbsp;&nbsp;&nbsp;&nbsp;&nbsp;&nbsp;&nbsp; 250<\/li>\n\n\n\n<li>Kajakkpakke&nbsp;&nbsp;&nbsp;&nbsp;&nbsp;&nbsp;&nbsp;&nbsp; 200<\/li>\n\n\n\n<li>Henger&nbsp;&nbsp;&nbsp;&nbsp;&nbsp;&nbsp;&nbsp;&nbsp;&nbsp;&nbsp;&nbsp;&nbsp;&nbsp;&nbsp;&nbsp;&nbsp;&nbsp; 500<\/li>\n\n\n\n<li>\u00c5rs-abonnement&nbsp; 2000<\/li>\n\n\n\n<li>Utleie dag: 24 timer, 0800 \u2013 0800<\/li>\n<\/ul>\n\n\n\n<p><\/p>\n\n\n\n<p>Bruk av klubbutstyr p\u00e5 tirsdags- og torsdagstreninger og kurs er gratis.<br>Bruk av kajakker p\u00e5 L\u00e5gen fra Hellebekk er ogs\u00e5 gratis. Da brukes rabattkode, den setter kassa i 0,-. <br>Koden er: l\u00e5gen<\/p>\n\n\n\n<p><\/p>\n","protected":false},"excerpt":{"rendered":"<p>Kongsberg padleklubb har havkajakker til l\u00e5n og utleie for klubbens medlemmer. Utleiekajakkene er spesielt ment for nye medlemmer som enn\u00e5 ikke har eget utstyr, og de brukes ogs\u00e5 p\u00e5 kursene v\u00e5re. Kajakkene ligger i flatvannsbua p\u00e5 Hellebekk. Daglig bruk p\u00e5 L\u00e5gen, og p\u00e5 torsdagstreninger: Utleie Krav for \u00e5 leie kajakk&#8230; <a class=\"continue-reading-link\" href=\"http:\/\/www.kongsberg-padleklubb.net\/?page_id=1603067\">Les Mer<\/a><\/p>\n","protected":false},"author":35,"featured_media":0,"parent":0,"menu_order":0,"comment_status":"closed","ping_status":"closed","template":"","meta":{"footnotes":""},"class_list":["post-1603067","page","type-page","status-publish","hentry"],"_links":{"self":[{"href":"http:\/\/www.kongsberg-padleklubb.net\/index.php?rest_route=\/wp\/v2\/pages\/1603067","targetHints":{"allow":["GET"]}}],"collection":[{"href":"http:\/\/www.kongsberg-padleklubb.net\/index.php?rest_route=\/wp\/v2\/pages"}],"about":[{"href":"http:\/\/www.kongsberg-padleklubb.net\/index.php?rest_route=\/wp\/v2\/types\/page"}],"author":[{"embeddable":true,"href":"http:\/\/www.kongsberg-padleklubb.net\/index.php?rest_route=\/wp\/v2\/users\/35"}],"replies":[{"embeddable":true,"href":"http:\/\/www.kongsberg-padleklubb.net\/index.php?rest_route=%2Fwp%2Fv2%2Fcomments&post=1603067"}],"version-history":[{"count":14,"href":"http:\/\/www.kongsberg-padleklubb.net\/index.php?rest_route=\/wp\/v2\/pages\/1603067\/revisions"}],"predecessor-version":[{"id":1603382,"href":"http:\/\/www.kongsberg-padleklubb.net\/index.php?rest_route=\/wp\/v2\/pages\/1603067\/revisions\/1603382"}],"wp:attachment":[{"href":"http:\/\/www.kongsberg-padleklubb.net\/index.php?rest_route=%2Fwp%2Fv2%2Fmedia&parent=1603067"}],"curies":[{"name":"wp","href":"https:\/\/api.w.org\/{rel}","templated":true}]}}